{"id":12,"date":"2016-06-24T16:31:55","date_gmt":"2016-06-24T16:31:55","guid":{"rendered":"http:\/\/contacorrente.com.pt\/portal\/?page_id=12"},"modified":"2021-07-22T09:42:10","modified_gmt":"2021-07-22T09:42:10","slug":"quem-somos","status":"publish","type":"page","link":"https:\/\/contacorrente.com.pt\/portal\/quem-somos\/","title":{"rendered":"Quem somos"},"content":{"rendered":"<h4><span style=\"color: #3366ff;\"><strong>Quem somos<\/strong><\/span><\/h4>\n<p style=\"text-align: justify;\"><span style=\"color: #000000;\">A ContaCorrente \u00e9 uma empresa mais de 10 anos no mercado, que iniciou a sua atividade como gabinete de contabilidade e de apoio ao contribuinte. T\u00eam como respons\u00e1vel a Contabilista Certificada, Ana Cristina Silva. Em finais de 2014, ap\u00f3s cerca de quatro anos, a trabalhar no ramo, decidimos alargar a atividade \u00e0 administra\u00e7\u00e3o de condom\u00ednios, porque foi poss\u00edvel reunir uma equipa de trabalho com experi\u00eancia na \u00e1rea, com profissionalismo e cheia de vontade de fazer a diferen\u00e7a no mercado. O escrit\u00f3rio da empresa est\u00e1 localizado junto ao mercado municipal de Ovar e funciona de segunda \u00e0 sexta das 9:00 at\u00e9 \u00e0s 18:30 e tamb\u00e9m aos s\u00e1bados no per\u00edodo da manh\u00e3. Nas nossas instala\u00e7\u00f5es possu\u00edmos sala de reuni\u00f5es para realiza\u00e7\u00e3o de assembleias de condom\u00ednio.<\/span><\/p>\n<h4><span style=\"color: #3366ff;\"><strong>Org\u00e2nica da empresa<\/strong><\/span><\/h4>\n<p><strong><span style=\"color: #3366ff;\">Ger\u00eancia<\/span>: <\/strong>Ana Cristina Silva<\/p>\n<p><strong><span style=\"color: #3366ff;\">Servi\u00e7os Administrativos<\/span>:\u00a0<\/strong>Ana Margarida Ferreira e Fabiana Tavares<\/p>\n<p><strong><span style=\"color: #3366ff;\">Servi\u00e7o Contencioso<\/span>: <\/strong>Dra Darlene Costa<\/p>\n<p><strong><span style=\"color: #3366ff;\">Servi\u00e7o Assist\u00eancia<\/span> : <\/strong>Armando Santos<\/p>\n","protected":false},"excerpt":{"rendered":"<p>Quem somos A ContaCorrente \u00e9 uma empresa mais de 10 anos no mercado, que iniciou a sua atividade como gabinete de contabilidade e de apoio ao contribuinte. T\u00eam como respons\u00e1vel a Contabilista Certificada, Ana Cristina Silva. Em finais de 2014, ap\u00f3s cerca de quatro anos, a trabalhar no ramo, decidimos alargar a atividade \u00e0 administra\u00e7\u00e3o [&hellip;]<\/p>\n","protected":false},"author":1,"featured_media":0,"parent":0,"menu_order":0,"comment_status":"closed","ping_status":"closed","template":"","meta":[],"_links":{"self":[{"href":"https:\/\/contacorrente.com.pt\/portal\/wp-json\/wp\/v2\/pages\/12"}],"collection":[{"href":"https:\/\/contacorrente.com.pt\/portal\/wp-json\/wp\/v2\/pages"}],"about":[{"href":"https:\/\/contacorrente.com.pt\/portal\/wp-json\/wp\/v2\/types\/page"}],"author":[{"embeddable":true,"href":"https:\/\/contacorrente.com.pt\/portal\/wp-json\/wp\/v2\/users\/1"}],"replies":[{"embeddable":true,"href":"https:\/\/contacorrente.com.pt\/portal\/wp-json\/wp\/v2\/comments?post=12"}],"version-history":[{"count":10,"href":"https:\/\/contacorrente.com.pt\/portal\/wp-json\/wp\/v2\/pages\/12\/revisions"}],"predecessor-version":[{"id":89,"href":"https:\/\/contacorrente.com.pt\/portal\/wp-json\/wp\/v2\/pages\/12\/revisions\/89"}],"wp:attachment":[{"href":"https:\/\/contacorrente.com.pt\/portal\/wp-json\/wp\/v2\/media?parent=12"}],"curies":[{"name":"wp","href":"https:\/\/api.w.org\/{rel}","templated":true}]}}