{"id":10,"date":"2016-06-24T16:31:06","date_gmt":"2016-06-24T16:31:06","guid":{"rendered":"http:\/\/contacorrente.com.pt\/portal\/?page_id=10"},"modified":"2016-09-22T00:06:24","modified_gmt":"2016-09-22T00:06:24","slug":"contactos","status":"publish","type":"page","link":"https:\/\/contacorrente.com.pt\/portal\/contactos\/","title":{"rendered":"Contactos"},"content":{"rendered":"<div id=\"pl-10\"  class=\"panel-layout\" ><div id=\"pg-10-0\"  class=\"panel-grid panel-has-style\" ><div style=\"padding: 100px 0; \" class=\"panel-row-style panel-row-style-for-10-0\" ><div id=\"pgc-10-0-0\"  class=\"panel-grid-cell\" ><div id=\"panel-10-0-0-0\" class=\"so-panel widget widget_text panel-first-child panel-last-child\" data-index=\"0\" ><div class=\"panel-widget-style panel-widget-style-for-10-0-0-0\" >\t\t\t<div class=\"textwidget\">\n<div class=\"wpcf7 no-js\" id=\"wpcf7-f44-o1\" lang=\"pt-PT\" dir=\"ltr\">\n<div class=\"screen-reader-response\"><p role=\"status\" aria-live=\"polite\" aria-atomic=\"true\"><\/p> <ul><\/ul><\/div>\n<form action=\"\/portal\/wp-json\/wp\/v2\/pages\/10#wpcf7-f44-o1\" method=\"post\" class=\"wpcf7-form init\" aria-label=\"Formul\u00e1rio de contacto\" novalidate=\"novalidate\" data-status=\"init\">\n<div style=\"display: none;\">\n<input type=\"hidden\" name=\"_wpcf7\" value=\"44\" \/>\n<input type=\"hidden\" name=\"_wpcf7_version\" value=\"5.7.6\" \/>\n<input type=\"hidden\" name=\"_wpcf7_locale\" value=\"pt_PT\" \/>\n<input type=\"hidden\" name=\"_wpcf7_unit_tag\" value=\"wpcf7-f44-o1\" \/>\n<input type=\"hidden\" name=\"_wpcf7_container_post\" value=\"0\" \/>\n<input type=\"hidden\" name=\"_wpcf7_posted_data_hash\" value=\"\" \/>\n<input type=\"hidden\" name=\"_wpcf7_recaptcha_response\" value=\"\" \/>\n<\/div>\n<h4 style=\"text-align: justify;\"><span style=\"color: #000000;\"><strong>Entre em contacto connosco!<\/strong><\/span>\n<\/h4>\n<p><b>\n\t\t<h7 style=\"text-align: justify;\"><span style=\"color: #ffffff;\">A <span style=\"color: #3366ff;\">ContaCorrente<span style=\"color: #ffffff;\"> est\u00e1 localizada em Ovar, na <span style=\"color: #3366ff;\">Rua Gomes Freire, 114 (C\u00f3digo Postal: 3880-229)<span style=\"color: #ffffff;\">.<\/span><\/span><\/span><\/span><\/span>\n\t\t<\/h7><\/b>\n<\/p>\n<p>Poder\u00e1 nos fazer uma visita,<span style=\"color: #3366ff;\"> de segunda \u00e0 quinta das 9:00 \u00e0s 18:30, e sextas das 9:00 \u00e0s 17:00<span style=\"color: #ffffff;\">. Tamb\u00e9m poder\u00e1 entrar em contacto connosco atrav\u00e9s de uma mensagem, preenchendo o formul\u00e1rio, ou, ainda, ligando para um dos n\u00fameros abaixo:<\/span><\/span>\n<\/p>\n<li>\n\t<p><span style=\"color: #3366ff;\">256 099 299 - (Chamada para a rede fixa nacional)<\/span>\n\t<\/p>\n<\/li>\n<li>\n\t<p><span style=\"color: #3366ff;\">916 555 512 - (Chamada para a rede m\u00f3vel nacional)<\/span>\n\t<\/p>\n<\/li>\n<li>\n\t<p><span style=\"color: #3366ff;\">936 371 203 - (Chamada para a rede m\u00f3vel nacional) <span style=\"color: #ffffff;\"><\/span><\/span>\n\t<\/p>\n<\/li>\n<p>O seu nome (obrigat\u00f3rio)\n<\/p>\n<p><span class=\"wpcf7-form-control-wrap\" data-name=\"your-name\"><input size=\"40\" class=\"wpcf7-form-control wpcf7-text wpcf7-validates-as-required\" aria-required=\"true\" aria-invalid=\"false\" value=\"\" type=\"text\" name=\"your-name\" \/><\/span>\n<\/p>\n<p>O seu email (obrigat\u00f3rio)\n<\/p>\n<p><span class=\"wpcf7-form-control-wrap\" data-name=\"your-email\"><input size=\"40\" class=\"wpcf7-form-control wpcf7-text wpcf7-email wpcf7-validates-as-required wpcf7-validates-as-email\" aria-required=\"true\" aria-invalid=\"false\" value=\"\" type=\"email\" name=\"your-email\" \/><\/span>\n<\/p>\n<p>O seu telefone\n<\/p>\n<p><span class=\"wpcf7-form-control-wrap\" data-name=\"tel-961\"><input size=\"40\" class=\"wpcf7-form-control wpcf7-text wpcf7-tel wpcf7-validates-as-tel\" aria-invalid=\"false\" value=\"\" type=\"tel\" name=\"tel-961\" \/><\/span>\n<\/p>\n<p>Assunto\n<\/p>\n<p><span class=\"wpcf7-form-control-wrap\" data-name=\"your-subject\"><input size=\"40\" class=\"wpcf7-form-control wpcf7-text\" aria-invalid=\"false\" value=\"\" type=\"text\" name=\"your-subject\" \/><\/span>\n<\/p>\n<p>A sua mensagem\n<\/p>\n<p><span class=\"wpcf7-form-control-wrap\" data-name=\"your-message\"><textarea cols=\"40\" rows=\"10\" class=\"wpcf7-form-control wpcf7-textarea\" aria-invalid=\"false\" name=\"your-message\"><\/textarea><\/span>\n<\/p>\n<p><input class=\"wpcf7-form-control has-spinner wpcf7-submit\" type=\"submit\" value=\"Enviar\" \/>\n<\/p>\n<span class=\"wpcf7-form-control-wrap recaptcha\" data-name=\"recaptcha\"><span data-sitekey=\"6LeNHOIZAAAAAO5nphImoK-ymu2x9XFArHgqDFG5\" data-theme=\"dark\" class=\"wpcf7-form-control g-recaptcha wpcf7-recaptcha\"><\/span>\r\n<noscript>\r\n\t<div class=\"grecaptcha-noscript\">\r\n\t\t<iframe src=\"https:\/\/www.google.com\/recaptcha\/api\/fallback?k=6LeNHOIZAAAAAO5nphImoK-ymu2x9XFArHgqDFG5\" frameborder=\"0\" scrolling=\"no\">\r\n\t\t<\/iframe>\r\n\t\t<textarea name=\"g-recaptcha-response\" rows=\"3\" cols=\"40\" placeholder=\"reCaptcha Response Here\">\r\n\t\t<\/textarea>\r\n\t<\/div>\r\n<\/noscript>\r\n<\/span><p style=\"display: none !important;\"><label>&#916;<textarea name=\"_wpcf7_ak_hp_textarea\" cols=\"45\" rows=\"8\" maxlength=\"100\"><\/textarea><\/label><input type=\"hidden\" id=\"ak_js_1\" name=\"_wpcf7_ak_js\" value=\"33\"\/><script>document.getElementById( \"ak_js_1\" ).setAttribute( \"value\", ( new Date() ).getTime() );<\/script><\/p><div class=\"wpcf7-response-output\" aria-hidden=\"true\"><\/div>\n<\/form>\n<\/div>\n<\/div>\n\t\t<\/div><\/div><\/div><\/div><\/div><\/div>","protected":false},"excerpt":{"rendered":"<p>Entre em contacto connosco! A ContaCorrente est\u00e1 localizada em Ovar, na Rua Gomes Freire, 114 (C\u00f3digo Postal: 3880-229). Poder\u00e1 nos fazer uma visita, de segunda \u00e0 quinta das 9:00 \u00e0s 18:30, e sextas das 9:00 \u00e0s 17:00. Tamb\u00e9m poder\u00e1 entrar em contacto connosco atrav\u00e9s de uma mensagem, preenchendo o formul\u00e1rio, ou, ainda, ligando para um [&hellip;]<\/p>\n","protected":false},"author":1,"featured_media":0,"parent":0,"menu_order":0,"comment_status":"closed","ping_status":"closed","template":"","meta":[],"_links":{"self":[{"href":"https:\/\/contacorrente.com.pt\/portal\/wp-json\/wp\/v2\/pages\/10"}],"collection":[{"href":"https:\/\/contacorrente.com.pt\/portal\/wp-json\/wp\/v2\/pages"}],"about":[{"href":"https:\/\/contacorrente.com.pt\/portal\/wp-json\/wp\/v2\/types\/page"}],"author":[{"embeddable":true,"href":"https:\/\/contacorrente.com.pt\/portal\/wp-json\/wp\/v2\/users\/1"}],"replies":[{"embeddable":true,"href":"https:\/\/contacorrente.com.pt\/portal\/wp-json\/wp\/v2\/comments?post=10"}],"version-history":[{"count":5,"href":"https:\/\/contacorrente.com.pt\/portal\/wp-json\/wp\/v2\/pages\/10\/revisions"}],"predecessor-version":[{"id":71,"href":"https:\/\/contacorrente.com.pt\/portal\/wp-json\/wp\/v2\/pages\/10\/revisions\/71"}],"wp:attachment":[{"href":"https:\/\/contacorrente.com.pt\/portal\/wp-json\/wp\/v2\/media?parent=10"}],"curies":[{"name":"wp","href":"https:\/\/api.w.org\/{rel}","templated":true}]}}